{"id":84,"date":"2018-03-14T09:02:01","date_gmt":"2018-03-14T09:02:01","guid":{"rendered":"https:\/\/fead.pkps.org.pl\/?page_id=84"},"modified":"2018-03-14T09:02:15","modified_gmt":"2018-03-14T09:02:15","slug":"pead-2011","status":"publish","type":"page","link":"https:\/\/fead.pkps.org.pl\/?page_id=84","title":{"rendered":"PEAD 2011"},"content":{"rendered":"<section id=\"content\">\n<div class=\"wrapper cf\">\n<div id=\"posts\">\n<div class=\"post\">\n<div class=\"post-excerpt\">\n<div id=\"wrapper2\">\n<div id=\"main\">\n<section class=\"blog\">\n<div class=\"items-leading\">\n<article class=\"leading-0\"><strong>Program PEAD \u2013 Dostarczanie \u017cywno\u015bci dla najubo\u017cszej ludno\u015bci Unii Europejskiej 2011 kontynuacja z lat poprzednich<\/strong>PKPS- jako jedna z czterech og\u00f3lnopolskich organizacji- pomaga najbo\u017cszym organizuj\u0105c i prowadz\u0105c do\u017cywianie, dzi\u0119ki \u017cywno\u015bci otrzymywanej w ramach unijnego programu PEAD.W tym roku do rozdzielenia mamy 204208 ton \u017cywno\u015bci. Na asortyment sk\u0142ada si\u0119 21 pozycji \u2013 m\u0105ka pszenna, kasza manna, makaron \u015bwiderki, makaron muszelki, ry\u017c bia\u0142y, kasza gryczana, kasza j\u0119czmienna z warzywami, p\u0142atki kukurydziane, musli, herbatniki, kawa zbo\u017cowa instant, krupnik, chleb chrupki \u017cytni, kasza j\u0119czmienna z gulaszem, makaron z gulaszem, zupa pomidorowa z ry\u017cem, ser podpuszczkowy dojrzewaj\u0105cy, ser topiony, mleko UHT, mleko w proszku pe\u0142ne (ekstra), mas\u0142o ekstra.\u017bywno\u015b\u0107 przekazuj\u0105 najbardziej potrzebuj\u0105cym terenowe plac\u00f3wki PKPS. Wsparcie otrzymuj\u0105 osoby indywidualne, zakwalifikowane na podstawie\u00a0 list odbiorc\u00f3w ostatecznych, zweryfikowanych przez w\u0142a\u015bciwe terytorialnie O\u015brodki Pomocy Spo\u0142ecznej. Cz\u0119\u015b\u0107 produkt\u00f3w jest tak\u017ce wykorzystywana na przygotowywanie posi\u0142k\u00f3w w naszych plac\u00f3wkach opieki stacjonarnejWykonanie tegorocznego planu na koniec czerwca to 112516 ton \u017cywno\u015bci co stanowi 55 procent wykonania rocznego planu pomocy<\/article>\n<\/div>\n<div class=\"items-row cols-2 row-0\">\n<article class=\"item column-1\"><a href=\"http:\/\/klewiado1.home.pl\/autoinstalator\/wordpress\/?page_id=87\">Wsparcie doradcze IPD \u2013 zapytanie ofertowe<\/a><\/p>\n<p align=\"JUSTIFY\">PKPS wystosowa\u0142 zapytanie ofertowe na realizacj\u0119 us\u0142ugi polegaj\u0105cej na wykonaniu wsparcia doradczego IPD przez indywidualne sesje z doradc\u0105 zawodowym i po\u015brednikiem pracy w tym opracowanie i przygotowanie materia\u0142\u00f3w doradczych w formie portfolio IPD w ramach projektu \u201eNowe Do\u015bwiadczenia \u2013 integracja zawodowa i spo\u0142eczna os\u00f3b niepe\u0142nosprawnych zagro\u017conych wykluczeniem\u201d, Szczeg\u00f3\u0142y\u00a0 w za\u0142\u0105cznikach do pobrania poni\u017cej.<\/p>\n<p><strong>Program PEAD \u2013 Dostarczanie \u017cywno\u015bci dla najubo\u017cszej ludno\u015bci Unii Europejskiej<\/strong><\/p>\n<\/article>\n<article class=\"item column-2\">Europejski Program Pomocy \u017bywno\u015bciowej \u2013 PEAD \u2013 w krajach Unii Europejskiej funkcjonuje od 1987 roku. Podstawowym za\u0142o\u017ceniem Programu jest zagospodarowanie rezerw surowc\u00f3w interwencyjnych (zbo\u017ca, ry\u017c, mleko, mas\u0142o) na cele pomocy spo\u0142ecznej i wsparcie \u017cywno\u015bci\u0105 os\u00f3b najbardziej potrzebuj\u0105cych. Od 2004 roku Polska jako cz\u0142onek UE mo\u017ce w pe\u0142ni bra\u0107 udzia\u0142 w programie dostarczania \u017cywno\u015bci dla najubo\u017cszej ludno\u015bci.Od kilku lat PKPS- jako jedna z czterech og\u00f3lnopolskich organizacji- pomaga najbo\u017cszym organizuj\u0105c i prowadz\u0105c do\u017cywianie dzi\u0119ki \u017cywno\u015bci otrzymywanej z UE. Ilo\u015b\u0107 i zakres otrzymywanej \u017cywno\u015bci stale si\u0119 zwi\u0119ksza. Obecnie roczny obr\u00f3t przekracza 164 724 94 ton a w asortymencie znajduj\u0105 si\u0119 mi\u0119dzy innymi: ry\u017c, m\u0105ka, makarony, mleko, mas\u0142o, kasze, cukier, d\u017cemy, musli, ser twardy i mi\u0119kki (\u017c\u00f3\u0142ty). \u017bywno\u015b\u0107 terenowe plac\u00f3wki przekazuj\u0105 w porozumieniu ( na wniosek) OPS bezpo\u015brednio potrzebuj\u0105cym lub dzia\u0142aj\u0105cym na rzecz potrzebuj\u0105cych organizacjom charytatywnym.W Polsce bezpo\u015bredni udzia\u0142 w Programie bior\u0105: Federacja Polskich Bank\u00f3w \u017bywno\u015bci, Caritas Polska oraz Polski Komitet Pomocy Spo\u0142ecznej. Istota PEAD polega na bezp\u0142atnym przekazywaniu osobom potrzebuj\u0105cym \u017cywno\u015bci pochodz\u0105cej z rezerw UE przez akredytowane organizacje charytatywne z terenu Wsp\u00f3lnoty.Polska b\u0119dzie mog\u0142a wykorzysta\u0107 w ramach programu 2001\/2020 nast\u0119puj\u0105ce towary \u017cywno\u015bciowe:<\/p>\n<blockquote><p>ry\u017c<br \/>\nzbo\u017ca<br \/>\nodt\u0142uszczone mleko ,<br \/>\nmas\u0142o<\/p><\/blockquote>\n<p>Zgodnie z zasadami UE, przedsi\u0119biorcy wybrani w drodze przetargu dostarcz\u0105 do magazyn\u00f3w wybranych organizacji charytatywnych gotowe artyku\u0142y spo\u017cywcze w zamian za towary udost\u0119pnione przez UE.<\/p>\n<p>Towary przetworzone to: ry\u017c, ser \u017c\u00f3\u0142ty, sery topione, mleko UHT, m\u0105ka i makaron. Do magazyn\u00f3w organizacji charytatywnych w naszym kraju trafi\u0105 gotowe artyku\u0142y spo\u017cywcze, w tym:<\/p>\n<blockquote><p>mleko UHT w opakowaniach kartonowych<br \/>\nser \u017c\u00f3\u0142ty w opakowaniach<br \/>\nser topiony w opakowaniach<br \/>\nm\u0105ka w opakowaniach<br \/>\nry\u017c w opakowaniach<br \/>\nmakaron w opakowaniach<\/p><\/blockquote>\n<p>Zgodnie z przyj\u0119tym planem rozdysponowania \u017cywno\u015bci, pomoc ta obejmuje oko\u0142o 1 mln najubo\u017cszych mieszka\u0144c\u00f3w Polski. Dystrybucj\u0105 zajmuj\u0105 si\u0119 w\/w og\u00f3lnopolskie organizacje partnerskie oraz mniejsze podmioty, dzia\u0142aj\u0105ce lokalnie i wsp\u00f3\u0142pracuj\u0105ce na co dzie\u0144 z FPB\u017b. Udzia\u0142 PKPS w og\u00f3lnej puli \u017cywno\u015bci obj\u0119tej Programem PEAD 2005\/2006 zgodnie z decyzj\u0105 Ministerstwa Polityki Spo\u0142ecznej wynosi 15%.<\/p>\n<p>Artyku\u0142y dost\u0119pne w ramach Programu s\u0105 dostarczane do magazyn\u00f3w na terenie 16 wojew\u00f3dztw. Transport \u017cywno\u015bci ze wskazanych magazyn\u00f3w do odbiorc\u00f3w finalnych organizowany jest przez zarz\u0105dy terenowe PKPS i na ich koszt. Czas dystrybucji \u017cywno\u015bci ograniczony jest jedynie terminami przydatno\u015bci do spo\u017cycia. Podstawowym za\u0142o\u017ceniem Programu jest udzielanie systematycznej, tj. comiesi\u0119cznej pomocy osobom potrzebuj\u0105cym. Produkty obj\u0119te Programem (opakowania jednostkowe) s\u0105 wyra\u017anie oznaczone napisem \u201ePomoc UE\u201d oraz \u201eProdukt dostarczany w ramach Programu: Dostarczanie \u017cywno\u015bci dla najubo\u017cszej ludno\u015bci Unii Europejskiej\u201d<\/p>\n<p>Jednostki organizacyjne Polskiego Komitetu Pomocy Spo\u0142ecznej prowadz\u0105 dystrybucj\u0119 artyku\u0142\u00f3w \u017cywno\u015bciowych obj\u0119tych Programem w\u015br\u00f3d beneficjent\u00f3w ostatecznych w dwojaki spos\u00f3b:<\/p>\n<p>poprzez rozdawnictwo osobom indywidualnym,<br \/>\npoprzez przygotowywanie posi\u0142k\u00f3w na miejscu w plac\u00f3wkach opieki stacjonarnej prowadzonych przez PKPS.<br \/>\nRozdawnictwo osobom indywidualnym odbywa si\u0119 na podstawie przygotowanych list odbiorc\u00f3w ostatecznych zweryfikowanych przez w\u0142a\u015bciwe terytorialnie O\u015brodki Pomocy Spo\u0142ecznej. Poszczeg\u00f3lne jednostki organizacyjne PKPS s\u0105 zobowi\u0105zane do prowadzenia ewidencji os\u00f3b odbieraj\u0105cych \u017cywno\u015b\u0107, listy pokwitowa\u0144 odbioru itp.<\/p>\n<p>Podstaw\u0119 prawn\u0105 przygotowywania list odbiorc\u00f3w indywidualnych stanowi\u0105 przepisy ustawy o pomocy spo\u0142ecznej z dnia 12.03.2004r., w szczeg\u00f3lno\u015bci art.7 i 8 w\/w ustawy. Weryfikacja list odbiorc\u00f3w indywidualnych ma na celu zapewnienie, aby produkty trafi\u0142y do najbardziej potrzebuj\u0105cych os\u00f3b i rodzin ubogich, bezrobotnych, wielodzietnych itp.<\/p>\n<p>Drug\u0105 form\u0105 dystrybucji zostan\u0105 obj\u0119te osoby korzystaj\u0105ce z opieki stacjonarnych plac\u00f3wek PKPS takich jak: noclegownie, jad\u0142odajnie, \u015bwietlice, kluby seniora itp. Plac\u00f3wki te s\u0105 zobowi\u0105zane do prowadzenia dokumentacji wykorzystania otrzymanych artyku\u0142\u00f3w \u017cywno\u015bciowych (protok\u00f3\u0142 wykorzystania, rejestr os\u00f3b korzystaj\u0105cych z pomocy itp.). Wy\u0142\u0105cznie z tej formy dystrybucji mog\u0105 korzysta\u0107 osoby bezdomne. Osobom bezdomnym nie wydajemy produkt\u00f3w w formie rozdawnictwa indywidualnego.<\/p>\n<p>Z Programu PEAD w br. mog\u0105 po\u015brednio korzysta\u0107 jednostki typu przedszkola, szko\u0142y tj. sto\u0142\u00f3wki prowadzone w tych plac\u00f3wkach, wydaj\u0105ce ciep\u0142e posi\u0142ki. W zamian za darmowo przekazane produkty \u017cywno\u015bciowe, szko\u0142y lub ajenci prowadz\u0105cy sto\u0142\u00f3wki musz\u0105 zobowi\u0105za\u0107 si\u0119 na pi\u015bmie do wydawania okre\u015blonej ilo\u015bci darmowych obiad\u00f3w dla dzieci, kt\u00f3rych rodzice nie s\u0105 w stanie tych obiad\u00f3w op\u0142aca\u0107 (wskazani przez w\u0142a\u015bciwy terytorialnie O\u015brodek Pomocy Spo\u0142ecznej).<\/p>\n<\/article>\n<\/div>\n<\/section>\n<\/div>\n<\/div>\n<\/div>\n<\/div>\n<\/div>\n<aside id=\"sidebar-right\">\n<div id=\"nav_menu-5\" class=\"widget widget_nav_menu\">\n<div class=\"menu-nasze-placowki-container\">\n<p>&nbsp;<\/p>\n<\/div>\n<\/div>\n<\/aside>\n<\/div>\n<\/section>\n<footer id=\"footer\">\n<div class=\"wrapper cf\">\n<div class=\"footer-margin-left cf\">\n<div id=\"text-3\" class=\"footer-box widget_text\">\n<div class=\"textwidget\"><\/div>\n<\/div>\n<\/div>\n<div class=\"\"><\/div>\n<\/div>\n<\/footer>\n<div id=\"wpadminbar\" class=\"\"><\/div>\n","protected":false},"excerpt":{"rendered":"<p>Program PEAD \u2013 Dostarczanie \u017cywno\u015bci dla najubo\u017cszej ludno\u015bci Unii Europejskiej 2011 kontynuacja z lat poprzednichPKPS- jako jedna z czterech og\u00f3lnopolskich organizacji- pomaga najbo\u017cszym organizuj\u0105c i prowadz\u0105c do\u017cywianie, dzi\u0119ki \u017cywno\u015bci otrzymywanej w ramach unijnego programu PEAD.W tym roku do rozdzielenia mamy 204208 ton \u017cywno\u015bci. Na asortyment sk\u0142ada si\u0119 21 pozycji \u2013\u2026 <a class=\"continue-reading-link\" href=\"https:\/\/fead.pkps.org.pl\/?page_id=84\"> Continue reading <span class=\"meta-nav\">&rarr; <\/span><\/a><\/p>\n","protected":false},"author":1,"featured_media":0,"parent":0,"menu_order":0,"comment_status":"closed","ping_status":"closed","template":"","meta":{"footnotes":"","_links_to":"","_links_to_target":""},"class_list":["post-84","page","type-page","status-publish","hentry"],"_links":{"self":[{"href":"https:\/\/fead.pkps.org.pl\/index.php?rest_route=\/wp\/v2\/pages\/84","targetHints":{"allow":["GET"]}}],"collection":[{"href":"https:\/\/fead.pkps.org.pl\/index.php?rest_route=\/wp\/v2\/pages"}],"about":[{"href":"https:\/\/fead.pkps.org.pl\/index.php?rest_route=\/wp\/v2\/types\/page"}],"author":[{"embeddable":true,"href":"https:\/\/fead.pkps.org.pl\/index.php?rest_route=\/wp\/v2\/users\/1"}],"replies":[{"embeddable":true,"href":"https:\/\/fead.pkps.org.pl\/index.php?rest_route=%2Fwp%2Fv2%2Fcomments&post=84"}],"version-history":[{"count":2,"href":"https:\/\/fead.pkps.org.pl\/index.php?rest_route=\/wp\/v2\/pages\/84\/revisions"}],"predecessor-version":[{"id":86,"href":"https:\/\/fead.pkps.org.pl\/index.php?rest_route=\/wp\/v2\/pages\/84\/revisions\/86"}],"wp:attachment":[{"href":"https:\/\/fead.pkps.org.pl\/index.php?rest_route=%2Fwp%2Fv2%2Fmedia&parent=84"}],"curies":[{"name":"wp","href":"https:\/\/api.w.org\/{rel}","templated":true}]}}