{"id":564,"date":"2026-03-16T08:52:35","date_gmt":"2026-03-16T08:52:35","guid":{"rendered":"https:\/\/fead.pkps.org.pl\/?page_id=564"},"modified":"2026-03-25T12:07:57","modified_gmt":"2026-03-25T12:07:57","slug":"w-ciagu-podprogramu-2024-w-ramach-operacji-ii-przekazalismy-ponad-8-600-ton-zywnosci","status":"publish","type":"page","link":"https:\/\/fead.pkps.org.pl\/?page_id=564","title":{"rendered":"W ci\u0105gu Podprogramu 2024 w ramach Operacji II przekazali\u015bmy ponad 8 600 ton \u017cywno\u015bci"},"content":{"rendered":"\n<figure class=\"wp-block-image size-large\"><img fetchpriority=\"high\" decoding=\"async\" width=\"1024\" height=\"107\" src=\"https:\/\/fead.pkps.org.pl\/wp-content\/uploads\/2026\/03\/image-1024x107.png\" alt=\"\" class=\"wp-image-586\" srcset=\"https:\/\/fead.pkps.org.pl\/wp-content\/uploads\/2026\/03\/image-1024x107.png 1024w, https:\/\/fead.pkps.org.pl\/wp-content\/uploads\/2026\/03\/image-300x31.png 300w, https:\/\/fead.pkps.org.pl\/wp-content\/uploads\/2026\/03\/image-768x80.png 768w, https:\/\/fead.pkps.org.pl\/wp-content\/uploads\/2026\/03\/image-1536x161.png 1536w, https:\/\/fead.pkps.org.pl\/wp-content\/uploads\/2026\/03\/image-2048x214.png 2048w, https:\/\/fead.pkps.org.pl\/wp-content\/uploads\/2026\/03\/image-150x16.png 150w, https:\/\/fead.pkps.org.pl\/wp-content\/uploads\/2026\/03\/image-250x26.png 250w\" sizes=\"(max-width: 1024px) 100vw, 1024px\" \/><\/figure>\n\n\n\n<p>Z tej formy pomocy skorzysta\u0142o 173 771 os\u00f3b, kt\u00f3re odebra\u0142y 684 696 paczek. Wydali\u015bmy r\u00f3wnie\u017c 552 709 posi\u0142k\u00f3w.<\/p>\n\n\n\n<p>W ramach \u015brodk\u00f3w towarzysz\u0105cych przeprowadzili\u015bmy 1391 dzia\u0142ania towarzysz\u0105ce, zwi\u0119kszaj\u0105ce \u015bwiadomo\u015b\u0107 beneficjent\u00f3w, <a href=\"http:\/\/m.in\/\">m.in<\/a>. warsztaty kulinarne, dietetyczne, ekonomiczne, zdrowotne czy prawne. Uczestniczy\u0142o w nich 17 308 os\u00f3b.<\/p>\n\n\n\n<p>W ramach Operacji IIA pozyskali\u015bmy ponad 176 ton \u017cywno\u015bci pochodz\u0105cej z darowizn, kt\u00f3r\u0105 to otrzyma\u0142o 10 645 os\u00f3b.<\/p>\n","protected":false},"excerpt":{"rendered":"<p>Z tej formy pomocy skorzysta\u0142o 173 771 os\u00f3b, kt\u00f3re odebra\u0142y 684 696 paczek. Wydali\u015bmy r\u00f3wnie\u017c 552 709 posi\u0142k\u00f3w. W ramach \u015brodk\u00f3w towarzysz\u0105cych przeprowadzili\u015bmy 1391 dzia\u0142ania towarzysz\u0105ce, zwi\u0119kszaj\u0105ce \u015bwiadomo\u015b\u0107 beneficjent\u00f3w, m.in. warsztaty kulinarne, dietetyczne, ekonomiczne, zdrowotne czy prawne. Uczestniczy\u0142o w nich 17 308 os\u00f3b. W ramach Operacji IIA pozyskali\u015bmy ponad 176\u2026 <a class=\"continue-reading-link\" href=\"https:\/\/fead.pkps.org.pl\/?page_id=564\"> Continue reading <span class=\"meta-nav\">&rarr; <\/span><\/a><\/p>\n","protected":false},"author":2,"featured_media":0,"parent":0,"menu_order":0,"comment_status":"closed","ping_status":"closed","template":"","meta":{"footnotes":"","_links_to":"","_links_to_target":""},"class_list":["post-564","page","type-page","status-publish","hentry"],"_links":{"self":[{"href":"https:\/\/fead.pkps.org.pl\/index.php?rest_route=\/wp\/v2\/pages\/564","targetHints":{"allow":["GET"]}}],"collection":[{"href":"https:\/\/fead.pkps.org.pl\/index.php?rest_route=\/wp\/v2\/pages"}],"about":[{"href":"https:\/\/fead.pkps.org.pl\/index.php?rest_route=\/wp\/v2\/types\/page"}],"author":[{"embeddable":true,"href":"https:\/\/fead.pkps.org.pl\/index.php?rest_route=\/wp\/v2\/users\/2"}],"replies":[{"embeddable":true,"href":"https:\/\/fead.pkps.org.pl\/index.php?rest_route=%2Fwp%2Fv2%2Fcomments&post=564"}],"version-history":[{"count":4,"href":"https:\/\/fead.pkps.org.pl\/index.php?rest_route=\/wp\/v2\/pages\/564\/revisions"}],"predecessor-version":[{"id":587,"href":"https:\/\/fead.pkps.org.pl\/index.php?rest_route=\/wp\/v2\/pages\/564\/revisions\/587"}],"wp:attachment":[{"href":"https:\/\/fead.pkps.org.pl\/index.php?rest_route=%2Fwp%2Fv2%2Fmedia&parent=564"}],"curies":[{"name":"wp","href":"https:\/\/api.w.org\/{rel}","templated":true}]}}