{"id":170,"date":"2018-03-15T11:25:05","date_gmt":"2018-03-15T11:25:05","guid":{"rendered":"https:\/\/fead.pkps.org.pl\/?page_id=170"},"modified":"2018-06-19T11:30:55","modified_gmt":"2018-06-19T11:30:55","slug":"zdjecia-z-warsztatow-kulinarnych","status":"publish","type":"page","link":"https:\/\/fead.pkps.org.pl\/?page_id=170","title":{"rendered":"Zdj\u0119cia z warsztat\u00f3w kulinarnych &#8211; Mazowsze"},"content":{"rendered":"<div id=\"pl-170\"  class=\"panel-layout\" ><div id=\"pg-170-0\"  class=\"panel-grid panel-has-style\" ><div class=\"panel-row-style panel-row-style-for-170-0\" ><div id=\"pgc-170-0-0\"  class=\"panel-grid-cell panel-grid-cell-mobile-last\" ><div id=\"panel-170-0-0-0\" class=\"so-panel widget widget_sow-editor panel-first-child panel-last-child\" data-index=\"0\" ><div class=\"panel-widget-style panel-widget-style-for-170-0-0-0\" ><div\n\t\t\t\n\t\t\tclass=\"so-widget-sow-editor so-widget-sow-editor-base\"\n\t\t\t\n\t\t>\n<div class=\"siteorigin-widget-tinymce textwidget\">\n\t<p>Przyk\u0142adowe zdj\u0119cia z warsztat\u00f3w kulinarnych realizowanych przez jednostki PKPS. W czasie warsztat\u00f3w beneficjent\u00f3w\u00a0 Programu FEAD, wsp\u00f3lnie z zawodowym kucharzem lub specjalist\u0105 \u017cywienia zbiorowego, przygotowuj\u0105 proste potrawy z wykorzystaniem produkt\u00f3w FEAD, kt\u00f3re nast\u0119pnie wsp\u00f3lnie degustuj\u0105.<br \/>\nZarz\u0105d Okr\u0119gowy PKPS w Przemy\u015blu wprowadzi\u0142 nowy element warsztat\u00f3w. Po degustacji potraw, wszyscy ch\u0119tni \u00a0uczestnicy mog\u0105 prze\u0107wiczy\u0107 na fantomach udzielanie pierwszej pomocy. W konkretnym przypadku uwidocznionym na zdj\u0119ciu, instrukta\u017cu udziela\u0142 komendant miejscowej stra\u017cy po\u017carnej.<\/p>\n<\/div>\n<\/div><\/div><\/div><\/div><div id=\"pgc-170-0-1\"  class=\"panel-grid-cell panel-grid-cell-empty\" ><\/div><\/div><\/div><div id=\"pg-170-1\"  class=\"panel-grid panel-no-style\" ><div id=\"pgc-170-1-0\"  class=\"panel-grid-cell\" ><div id=\"panel-170-1-0-0\" class=\"so-panel widget widget_media_gallery panel-first-child panel-last-child\" data-index=\"1\" ><h3 class=\"widget-title\">Tradycje Wielkanocne \u2013 zdrowo i kolorowo. Warsztaty na Warszawskim Bemowie<\/h3>\n\t\t<style type=\"text\/css\">\n\t\t\t#gallery-1 {\n\t\t\t\tmargin: auto;\n\t\t\t}\n\t\t\t#gallery-1 .gallery-item {\n\t\t\t\tfloat: left;\n\t\t\t\tmargin-top: 10px;\n\t\t\t\ttext-align: center;\n\t\t\t\twidth: 25%;\n\t\t\t}\n\t\t\t#gallery-1 img {\n\t\t\t\tborder: 2px solid #cfcfcf;\n\t\t\t}\n\t\t\t#gallery-1 .gallery-caption {\n\t\t\t\tmargin-left: 0;\n\t\t\t}\n\t\t\t\/* see gallery_shortcode() in wp-includes\/media.php *\/\n\t\t<\/style>\n\t\t<div id='gallery-1' class='gallery galleryid-170 gallery-columns-4 gallery-size-thumbnail'><dl class='gallery-item'>\n\t\t\t<dt class='gallery-icon landscape'>\n\t\t\t\t<a href='https:\/\/fead.pkps.org.pl\/?attachment_id=286'><img decoding=\"async\" width=\"150\" height=\"150\" src=\"https:\/\/fead.pkps.org.pl\/wp-content\/uploads\/2018\/04\/1-150x150.jpg\" class=\"attachment-thumbnail size-thumbnail\" alt=\"\" \/><\/a>\n\t\t\t<\/dt><\/dl><dl class='gallery-item'>\n\t\t\t<dt class='gallery-icon landscape'>\n\t\t\t\t<a href='https:\/\/fead.pkps.org.pl\/?attachment_id=289'><img decoding=\"async\" width=\"150\" height=\"150\" src=\"https:\/\/fead.pkps.org.pl\/wp-content\/uploads\/2018\/04\/DSC04562-150x150.jpg\" class=\"attachment-thumbnail size-thumbnail\" alt=\"\" \/><\/a>\n\t\t\t<\/dt><\/dl><dl class='gallery-item'>\n\t\t\t<dt class='gallery-icon landscape'>\n\t\t\t\t<a href='https:\/\/fead.pkps.org.pl\/?attachment_id=290'><img decoding=\"async\" width=\"150\" height=\"150\" src=\"https:\/\/fead.pkps.org.pl\/wp-content\/uploads\/2018\/04\/DSC04567-150x150.jpg\" class=\"attachment-thumbnail size-thumbnail\" alt=\"\" \/><\/a>\n\t\t\t<\/dt><\/dl><dl class='gallery-item'>\n\t\t\t<dt class='gallery-icon landscape'>\n\t\t\t\t<a href='https:\/\/fead.pkps.org.pl\/?attachment_id=293'><img loading=\"lazy\" decoding=\"async\" width=\"150\" height=\"150\" src=\"https:\/\/fead.pkps.org.pl\/wp-content\/uploads\/2018\/04\/DSC04621-150x150.jpg\" class=\"attachment-thumbnail size-thumbnail\" alt=\"\" \/><\/a>\n\t\t\t<\/dt><\/dl><br style=\"clear: both\" \/><dl class='gallery-item'>\n\t\t\t<dt class='gallery-icon landscape'>\n\t\t\t\t<a href='https:\/\/fead.pkps.org.pl\/?attachment_id=292'><img loading=\"lazy\" decoding=\"async\" width=\"150\" height=\"150\" src=\"https:\/\/fead.pkps.org.pl\/wp-content\/uploads\/2018\/04\/DSC04610-150x150.jpg\" class=\"attachment-thumbnail size-thumbnail\" alt=\"\" \/><\/a>\n\t\t\t<\/dt><\/dl>\n\t\t\t<br style='clear: both' \/>\n\t\t<\/div>\n<\/div><\/div><\/div><div id=\"pg-170-2\"  class=\"panel-grid panel-no-style\" ><div id=\"pgc-170-2-0\"  class=\"panel-grid-cell\" ><div id=\"panel-170-2-0-0\" class=\"so-panel widget widget_media_gallery panel-first-child panel-last-child\" data-index=\"2\" ><h3 class=\"widget-title\">Warsztaty kulinarne w O\u015brodku Pomocy Spo\u0142ecznej Dzielnicy Warszawa Bemowo<\/h3>\n\t\t<style type=\"text\/css\">\n\t\t\t#gallery-2 {\n\t\t\t\tmargin: auto;\n\t\t\t}\n\t\t\t#gallery-2 .gallery-item {\n\t\t\t\tfloat: left;\n\t\t\t\tmargin-top: 10px;\n\t\t\t\ttext-align: center;\n\t\t\t\twidth: 25%;\n\t\t\t}\n\t\t\t#gallery-2 img {\n\t\t\t\tborder: 2px solid #cfcfcf;\n\t\t\t}\n\t\t\t#gallery-2 .gallery-caption {\n\t\t\t\tmargin-left: 0;\n\t\t\t}\n\t\t\t\/* see gallery_shortcode() in wp-includes\/media.php *\/\n\t\t<\/style>\n\t\t<div id='gallery-2' class='gallery galleryid-170 gallery-columns-4 gallery-size-thumbnail'><dl class='gallery-item'>\n\t\t\t<dt class='gallery-icon landscape'>\n\t\t\t\t<a href='https:\/\/fead.pkps.org.pl\/?attachment_id=181'><img loading=\"lazy\" decoding=\"async\" width=\"150\" height=\"150\" src=\"https:\/\/fead.pkps.org.pl\/wp-content\/uploads\/2018\/03\/1-degus-2-Kopiowanie-150x150.jpg\" class=\"attachment-thumbnail size-thumbnail\" alt=\"\" \/><\/a>\n\t\t\t<\/dt><\/dl><dl class='gallery-item'>\n\t\t\t<dt class='gallery-icon landscape'>\n\t\t\t\t<a href='https:\/\/fead.pkps.org.pl\/?attachment_id=182'><img loading=\"lazy\" decoding=\"async\" width=\"150\" height=\"150\" src=\"https:\/\/fead.pkps.org.pl\/wp-content\/uploads\/2018\/03\/1-degus-3-Kopiowanie-150x150.jpg\" class=\"attachment-thumbnail size-thumbnail\" alt=\"\" \/><\/a>\n\t\t\t<\/dt><\/dl><dl class='gallery-item'>\n\t\t\t<dt class='gallery-icon landscape'>\n\t\t\t\t<a href='https:\/\/fead.pkps.org.pl\/?attachment_id=183'><img loading=\"lazy\" decoding=\"async\" width=\"150\" height=\"150\" src=\"https:\/\/fead.pkps.org.pl\/wp-content\/uploads\/2018\/03\/FDSC02910-Kopiowanie-150x150.jpg\" class=\"attachment-thumbnail size-thumbnail\" alt=\"\" \/><\/a>\n\t\t\t<\/dt><\/dl><dl class='gallery-item'>\n\t\t\t<dt class='gallery-icon landscape'>\n\t\t\t\t<a href='https:\/\/fead.pkps.org.pl\/?attachment_id=184'><img loading=\"lazy\" decoding=\"async\" width=\"150\" height=\"150\" src=\"https:\/\/fead.pkps.org.pl\/wp-content\/uploads\/2018\/03\/2-Kopiowanie-150x150.jpg\" class=\"attachment-thumbnail size-thumbnail\" alt=\"\" \/><\/a>\n\t\t\t<\/dt><\/dl><br style=\"clear: both\" \/><dl class='gallery-item'>\n\t\t\t<dt class='gallery-icon landscape'>\n\t\t\t\t<a href='https:\/\/fead.pkps.org.pl\/?attachment_id=185'><img loading=\"lazy\" decoding=\"async\" width=\"150\" height=\"150\" src=\"https:\/\/fead.pkps.org.pl\/wp-content\/uploads\/2018\/03\/FDSC02912-Kopiowanie-150x150.jpg\" class=\"attachment-thumbnail size-thumbnail\" alt=\"\" \/><\/a>\n\t\t\t<\/dt><\/dl><dl class='gallery-item'>\n\t\t\t<dt class='gallery-icon landscape'>\n\t\t\t\t<a href='https:\/\/fead.pkps.org.pl\/?attachment_id=186'><img loading=\"lazy\" decoding=\"async\" width=\"150\" height=\"150\" src=\"https:\/\/fead.pkps.org.pl\/wp-content\/uploads\/2018\/03\/DSC02904-Kopiowanie-150x150.jpg\" class=\"attachment-thumbnail size-thumbnail\" alt=\"\" \/><\/a>\n\t\t\t<\/dt><\/dl><dl class='gallery-item'>\n\t\t\t<dt class='gallery-icon landscape'>\n\t\t\t\t<a href='https:\/\/fead.pkps.org.pl\/?attachment_id=187'><img loading=\"lazy\" decoding=\"async\" width=\"150\" height=\"150\" src=\"https:\/\/fead.pkps.org.pl\/wp-content\/uploads\/2018\/03\/4-Kopiowanie-150x150.jpg\" class=\"attachment-thumbnail size-thumbnail\" alt=\"\" \/><\/a>\n\t\t\t<\/dt><\/dl><dl class='gallery-item'>\n\t\t\t<dt class='gallery-icon landscape'>\n\t\t\t\t<a href='https:\/\/fead.pkps.org.pl\/?attachment_id=190'><img loading=\"lazy\" decoding=\"async\" width=\"150\" height=\"150\" src=\"https:\/\/fead.pkps.org.pl\/wp-content\/uploads\/2018\/03\/1c-Kopiowanie-150x150.jpg\" class=\"attachment-thumbnail size-thumbnail\" alt=\"\" \/><\/a>\n\t\t\t<\/dt><\/dl><br style=\"clear: both\" \/><dl class='gallery-item'>\n\t\t\t<dt class='gallery-icon landscape'>\n\t\t\t\t<a href='https:\/\/fead.pkps.org.pl\/?attachment_id=189'><img loading=\"lazy\" decoding=\"async\" width=\"150\" height=\"150\" src=\"https:\/\/fead.pkps.org.pl\/wp-content\/uploads\/2018\/03\/FDSC02911-Kopiowanie-150x150.jpg\" class=\"attachment-thumbnail size-thumbnail\" alt=\"\" \/><\/a>\n\t\t\t<\/dt><\/dl>\n\t\t\t<br style='clear: both' \/>\n\t\t<\/div>\n<\/div><\/div><\/div><div id=\"pg-170-3\"  class=\"panel-grid panel-no-style\" ><div id=\"pgc-170-3-0\"  class=\"panel-grid-cell panel-grid-cell-empty\" ><\/div><\/div><\/div>","protected":false},"excerpt":{"rendered":"<p>Przyk\u0142adowe zdj\u0119cia z warsztat\u00f3w kulinarnych realizowanych przez jednostki PKPS. W czasie warsztat\u00f3w beneficjent\u00f3w\u00a0 Programu FEAD, wsp\u00f3lnie z zawodowym kucharzem lub specjalist\u0105 \u017cywienia zbiorowego, przygotowuj\u0105 proste potrawy z wykorzystaniem produkt\u00f3w FEAD, kt\u00f3re nast\u0119pnie wsp\u00f3lnie degustuj\u0105. Zarz\u0105d Okr\u0119gowy PKPS w Przemy\u015blu wprowadzi\u0142 nowy element warsztat\u00f3w. Po degustacji potraw, wszyscy ch\u0119tni \u00a0uczestnicy mog\u0105\u2026 <a class=\"continue-reading-link\" href=\"https:\/\/fead.pkps.org.pl\/?page_id=170\"> Continue reading <span class=\"meta-nav\">&rarr; <\/span><\/a><\/p>\n","protected":false},"author":1,"featured_media":0,"parent":0,"menu_order":0,"comment_status":"closed","ping_status":"closed","template":"","meta":{"footnotes":"","_links_to":"","_links_to_target":""},"class_list":["post-170","page","type-page","status-publish","hentry"],"_links":{"self":[{"href":"https:\/\/fead.pkps.org.pl\/index.php?rest_route=\/wp\/v2\/pages\/170","targetHints":{"allow":["GET"]}}],"collection":[{"href":"https:\/\/fead.pkps.org.pl\/index.php?rest_route=\/wp\/v2\/pages"}],"about":[{"href":"https:\/\/fead.pkps.org.pl\/index.php?rest_route=\/wp\/v2\/types\/page"}],"author":[{"embeddable":true,"href":"https:\/\/fead.pkps.org.pl\/index.php?rest_route=\/wp\/v2\/users\/1"}],"replies":[{"embeddable":true,"href":"https:\/\/fead.pkps.org.pl\/index.php?rest_route=%2Fwp%2Fv2%2Fcomments&post=170"}],"version-history":[{"count":55,"href":"https:\/\/fead.pkps.org.pl\/index.php?rest_route=\/wp\/v2\/pages\/170\/revisions"}],"predecessor-version":[{"id":345,"href":"https:\/\/fead.pkps.org.pl\/index.php?rest_route=\/wp\/v2\/pages\/170\/revisions\/345"}],"wp:attachment":[{"href":"https:\/\/fead.pkps.org.pl\/index.php?rest_route=%2Fwp%2Fv2%2Fmedia&parent=170"}],"curies":[{"name":"wp","href":"https:\/\/api.w.org\/{rel}","templated":true}]}}